{"id":416,"date":"2025-06-25T13:42:11","date_gmt":"2025-06-25T05:42:11","guid":{"rendered":"http:\/\/111.229.127.242\/?page_id=416"},"modified":"2025-11-14T10:15:12","modified_gmt":"2025-11-14T02:15:12","slug":"isoplane-320%e9%9b%b6%e5%83%8f%e5%b7%ae%e5%85%89%e8%b0%b1%e4%bb%aa","status":"publish","type":"page","link":"https:\/\/www.optics-hub.com\/index.php\/isoplane-320%e9%9b%b6%e5%83%8f%e5%b7%ae%e5%85%89%e8%b0%b1%e4%bb%aa\/","title":{"rendered":"IsoPlane-320\u96f6\u50cf\u5dee\u5149\u8c31\u4eea"},"content":{"rendered":"\n<div class=\"wp-block-columns is-layout-flex wp-container-core-columns-is-layout-28f84493 wp-block-columns-is-layout-flex\">\n<div class=\"wp-block-column is-layout-flow wp-block-column-is-layout-flow\">\n<figure class=\"wp-block-image aligncenter size-full is-resized\"><img fetchpriority=\"high\" decoding=\"async\" width=\"513\" height=\"343\" src=\"https:\/\/www.optics-hub.com\/wp-content\/uploads\/2025\/06\/1660215690893-51.png\" alt=\"\" class=\"wp-image-417\" style=\"width:362px;height:auto\" srcset=\"https:\/\/www.optics-hub.com\/wp-content\/uploads\/2025\/06\/1660215690893-51.png 513w, https:\/\/www.optics-hub.com\/wp-content\/uploads\/2025\/06\/1660215690893-51-300x201.png 300w\" sizes=\"(max-width: 513px) 100vw, 513px\" \/><\/figure>\n<\/div>\n\n\n\n<div class=\"wp-block-column is-layout-flow wp-block-column-is-layout-flow\">\n<p><\/p>\n\n\n\n<p>\u4ea7\u54c1\u7cfb\u5217\uff1a\u5149\u6805\u5149\u8c31\u4eea<\/p>\n\n\n\n<p>\u4ea7\u54c1\u578b\u53f7\uff1aIsoPlane-320\u96f6\u50cf\u5dee\u5149\u8c31\u4eea<\/p>\n\n\n\n<p>\u4ea7\u54c1\u54c1\u724c\uff1aIsoPlane<\/p>\n\n\n\n<div class=\"wp-block-buttons has-custom-font-size has-small-font-size is-layout-flex wp-block-buttons-is-layout-flex\">\n<div class=\"wp-block-button\"><a class=\"wp-block-button__link has-primary-background-color has-background has-small-font-size has-custom-font-size wp-element-button\" href=\"https:\/\/www.optics-hub.com\/index.php\/%e9%94%80%e5%94%ae%e7%bd%91%e7%bb%9c\/\" style=\"border-radius:0px;padding-top:0.4rem;padding-right:25px;padding-bottom:0.4rem;padding-left:25px\"><strong>\u8054\u7cfb\u6211\u4eec<\/strong><\/a><\/div>\n\n\n\n<div class=\"wp-block-button\"><a class=\"wp-block-button__link has-primary-background-color has-background has-small-font-size has-custom-font-size wp-element-button\" href=\"https:\/\/www.optics-hub.com\/index.php\/%e8%81%94%e7%b3%bb%e8%a1%a8%e5%8d%95\/\" style=\"border-radius:0px;padding-top:0.4rem;padding-right:25px;padding-bottom:0.4rem;padding-left:25px\"><strong>\u8d44\u6599\u4e0b\u8f7d<\/strong><\/a><\/div>\n<\/div>\n<\/div>\n<\/div>\n\n\n\n<h5 class=\"wp-block-heading has-primary-color has-text-color has-link-color wp-elements-c4e218cb3a34c83d9591579d85eee117\">&nbsp;\u4ea7\u54c1\u7b80\u4ecb<\/h5>\n\n\n\n<p>\u7279\u6709\u7684\u65e0\u50cf\u5dee\u8bbe\u8ba1\uff01<\/p>\n\n\n\n<p>IsoPlane-320\u96f6\u50cf\u5dee\u5149\u8c31\u4eea\u5728\u6574\u4e2a\u7126\u5e73\u9762\u4e0a\u7684\u6240\u6709\u6ce2\u957f\u5904\u786e\u4fdd\u65e0\u50cf\u5dee\uff0c\u4ece\u800c\u63d0\u4f9b\u4e86\u8f83\u9ad8\u7684\u7a7a\u95f4\u5206\u8fa8\u7387\u3002\u5177\u6709\u65e0\u4e0e\u4f26\u6bd4\u7684\u5149\u8c31\u6210\u50cf\u6027\u80fd\uff0c\u5728\u591a\u901a\u9053\u5149\u8c31\u5e94\u7528\u4e2d\u80fd\u591f\u5b9e\u73b0100\u4e2a\u4ee5\u4e0a\u7684\u5149\u7ea4\u901a\u9053\uff0c\u4ee5\u6781\u5c0f\u7684\u4e32\u6270\u51cf\u5c11\u56fe\u50cf\u548c\u5149\u8c31\u5931\u771f\uff0cCCD\u76f8\u673a\u7684\u9ad8\u5ea6\u53ef\u8fbe22mm\u3002&nbsp;<\/p>\n\n\n\n<figure class=\"wp-block-image size-large is-resized\"><img decoding=\"async\" width=\"1024\" height=\"600\" src=\"https:\/\/www.optics-hub.com\/wp-content\/uploads\/2025\/06\/wechat_2025-06-25_115115_420-1024x600.png\" alt=\"\" class=\"wp-image-418\" style=\"width:1486px;height:auto\" srcset=\"https:\/\/www.optics-hub.com\/wp-content\/uploads\/2025\/06\/wechat_2025-06-25_115115_420-1024x600.png 1024w, https:\/\/www.optics-hub.com\/wp-content\/uploads\/2025\/06\/wechat_2025-06-25_115115_420-300x176.png 300w, https:\/\/www.optics-hub.com\/wp-content\/uploads\/2025\/06\/wechat_2025-06-25_115115_420-768x450.png 768w, https:\/\/www.optics-hub.com\/wp-content\/uploads\/2025\/06\/wechat_2025-06-25_115115_420.png 1158w\" sizes=\"(max-width: 1024px) 100vw, 1024px\" \/><\/figure>\n\n\n\n<h5 class=\"wp-block-heading has-primary-color has-text-color has-link-color wp-elements-03166507ce0e6aef77e6bea366413e92\">\u6280\u672f\u4f18\u52bf<\/h5>\n\n\n\n<div class=\"wp-block-columns is-layout-flex wp-container-core-columns-is-layout-28f84493 wp-block-columns-is-layout-flex\">\n<div class=\"wp-block-column is-layout-flow wp-block-column-is-layout-flow\">\n<figure class=\"wp-block-image size-full is-resized\"><img decoding=\"async\" width=\"275\" height=\"237\" src=\"https:\/\/www.optics-hub.com\/wp-content\/uploads\/2025\/11\/IsoPlane-320\u96f6\u50cf\u5dee\u5149\u8c31\u4eea1.png\" alt=\"\" class=\"wp-image-3106\" style=\"width:500px;height:auto\"\/><\/figure>\n<\/div>\n\n\n\n<div class=\"wp-block-column is-layout-flow wp-block-column-is-layout-flow\">\n<figure class=\"wp-block-image size-full\"><img loading=\"lazy\" decoding=\"async\" width=\"929\" height=\"621\" src=\"https:\/\/www.optics-hub.com\/wp-content\/uploads\/2025\/11\/IsoPlane-320\u96f6\u50cf\u5dee\u5149\u8c31\u4eea2.jpg\" alt=\"\" class=\"wp-image-3108\" srcset=\"https:\/\/www.optics-hub.com\/wp-content\/uploads\/2025\/11\/IsoPlane-320\u96f6\u50cf\u5dee\u5149\u8c31\u4eea2.jpg 929w, https:\/\/www.optics-hub.com\/wp-content\/uploads\/2025\/11\/IsoPlane-320\u96f6\u50cf\u5dee\u5149\u8c31\u4eea2-300x201.jpg 300w, https:\/\/www.optics-hub.com\/wp-content\/uploads\/2025\/11\/IsoPlane-320\u96f6\u50cf\u5dee\u5149\u8c31\u4eea2-768x513.jpg 768w\" sizes=\"(max-width: 929px) 100vw, 929px\" \/><\/figure>\n<\/div>\n\n\n\n<div class=\"wp-block-column is-layout-flow wp-block-column-is-layout-flow\">\n<figure class=\"wp-block-image size-full is-resized\"><img loading=\"lazy\" decoding=\"async\" width=\"300\" height=\"200\" src=\"https:\/\/www.optics-hub.com\/wp-content\/uploads\/2025\/11\/IsoPlane-320\u96f6\u50cf\u5dee\u5149\u8c31\u4eea3.png\" alt=\"\" class=\"wp-image-3109\" style=\"width:474px;height:auto\"\/><\/figure>\n<\/div>\n<\/div>\n\n\n\n<div class=\"wp-block-columns is-layout-flex wp-container-core-columns-is-layout-28f84493 wp-block-columns-is-layout-flex\">\n<div class=\"wp-block-column is-layout-flow wp-block-column-is-layout-flow\">\n<p>1\u3001\u7279\u6b8a\u7684\u65e0\u50cf\u5dee\u8bbe\u8ba1<\/p>\n\n\n\n<p>IsoPlane-320\u5728\u6574\u4e2a\u7126\u5e73\u9762\u4e0a\u7684\u6240\u6709\u6ce2\u957f\u5904\u786e\u4fdd\u65e0\u50cf\u5dee\uff0c\u4ece\u800c\u63d0\u4f9b\u4e86\u8f83\u9ad8\u7684\u7a7a\u95f4\u5206\u8fa8\u7387\u3002<\/p>\n\n\n\n<p>\u65e0\u4e0e\u4f26\u6bd4\u7684\u6027\u80fd\uff0c\u80fd\u591f\u89e3\u51b3100\u4e2a\u4ee5\u4e0a\u7684\u5149\u7ea4\u901a\u9053\uff0c\u4ee5\u6700\u5c0f\u7684\u4e32\u6270\u51cf\u5c11\u56fe\u50cf\u548c\u5149\u8c31\u5931\u771f\uff0cCCD\u76f8\u673a\u7684\u9ad8\u5ea6\u53ef\u8fbe22mm\u3002<\/p>\n<\/div>\n\n\n\n<div class=\"wp-block-column is-layout-flow wp-block-column-is-layout-flow\">\n<p>2\u3001\u9ad8\u6548\u5149\u5b66\u6d82\u5c42<\/p>\n\n\n\n<p>\u901a\u8fc7\u4f7f\u7528Acton #1900\u589e\u5f3a\u578b\u94dd\u955c\uff0c\u53ef\u5728193 nm\u5230\u4e2d\u7ea2\u5916\u7684\u8303\u56f4\u5185\u5b9e\u73b0\u6700\u9ad8\u7684\u53cd\u5c04\u7387\u3002\u53ef\u9009\u7684\u94f6\u6d82\u5c42\u53ef\u63d0\u4f9b\u5e73\u574798%\u7684\u53cd\u5c04\u7387\uff0c\u53ef\u9009\u7684\u91d1\u6d82\u5c42\u53ef\u7528\u4e8e\u8fd1\u7ea2\u5916\u6210\u50cf\u3002<\/p>\n<\/div>\n\n\n\n<div class=\"wp-block-column is-layout-flow wp-block-column-is-layout-flow\">\n<p>3\u3001&nbsp;&nbsp;&nbsp;&nbsp;&nbsp;&nbsp;&nbsp;\u7531LightField\u8f6f\u4ef6\u63d0\u4f9b\u652f\u6301<\/p>\n\n\n\n<p>\u6b64\u6b3e\u529f\u80fd\u5f3a\u5927\u4e14\u76f4\u89c2\u7684\u8f6f\u4ef6\u5e26\u6709\u5185\u7f6e\u6570\u5b66\u5f15\u64ce\uff0c\u53ef\u901a\u8fc7\u5b9e\u65f6\u56fe\u50cf\u5206\u6790\u548c\u5149\u8c31\u6570\u636e\u5bf9\u76f8\u673a\u548c\u6444\u8c31\u4eea\u8fdb\u884c\u5b8c\u5168\u63a7\u5236\u3002<\/p>\n\n\n\n<p>LightField\u8f6f\u4ef6\u53ef\u5c06\u786c\u4ef6\u63a7\u5236\u548c\u76f4\u63a5\u6570\u636e\u91c7\u96c6\u65e0\u7f1d\u96c6\u6210\u5230\u67d0\u4e9b\u7a0b\u5e8f\u4e2d\uff0c\u4f8b\u5982National Instruments\u7684LabVIEW\u00ae\u548cMathWorks\u7684MATLAB\u00ae\u3002\u8be5\u8f6f\u4ef6\u8fd8\u5b8c\u5168\u652f\u6301IntelliCal\u81ea\u52a8\u6ce2\u957f\u548c\u5f3a\u5ea6\u6821\u51c6\u529f\u80fd\u3002<\/p>\n<\/div>\n<\/div>\n\n\n\n<h5 class=\"wp-block-heading has-primary-color has-text-color has-link-color wp-elements-ed61421e11eee9421ddf954db3357159\">\u4ea7\u54c1\u53c2\u6570\u548c\u578b\u53f7<\/h5>\n\n\n\n<figure class=\"wp-block-table\"><table class=\"has-fixed-layout\"><tbody><tr><td><strong>\u578b\u53f7<\/strong><\/td><td><strong>\u7126\u957f<\/strong><\/td><td>**CCD<strong>\u5149\u8c31\u5206\u8fa8\u7387<\/strong>ResXtreme<\/td><td><strong>\u7ebf\u8272\u6563\u5012\u6570<\/strong><\/td><td><strong>\u6570\u503c\u5b54\u5f84<\/strong><\/td><td><strong>*PMT<\/strong><strong>\u5206\u8fa8\u7387<\/strong><\/td><\/tr><tr><td><strong>IsoPlane 160<\/strong><\/td><td>203 mm<\/td><td>0.07 nm or better (typ.)<\/td><td>3.61 nm\/mm<\/td><td>f\/3.88<\/td><td>0.13 nm<\/td><\/tr><tr><td><strong>IsoPlane 320<\/strong><\/td><td>320 mm<\/td><td>0.05 nm or better (typ.)<\/td><td>2.30 nm\/mm<\/td><td>f\/4.6<\/td><td>0.05 nm<\/td><\/tr><tr><td><strong>Note:<\/strong><\/td><td colspan=\"5\"><strong>Note:&nbsp;<\/strong>Unless otherwise stated, specifications are with a 1200 g\/mm grating @ 435.8 nm.* PMT resolution measured with a 1200 g\/mm grating @ 435.8 nm, 10 \u03bcm slit width, and 4 mm slit height.** CCD resolution measured at the focal plane center with 10 \u03bcm slit and a Princeton Instruments PIXIS:400F with 20 \u03bcm pixels @ 546 nm.<\/td><\/tr><\/tbody><\/table><\/figure>\n\n\n\n<h5 class=\"wp-block-heading has-primary-color has-text-color has-link-color wp-elements-16d9e0f9b2f4434c2e210e0f5174760e\">\u4ea7\u54c1\u89c4\u683c<\/h5>\n\n\n\n<figure class=\"wp-block-image size-large\"><img loading=\"lazy\" decoding=\"async\" width=\"1024\" height=\"556\" src=\"https:\/\/www.optics-hub.com\/wp-content\/uploads\/2025\/07\/image-1024x556.png\" alt=\"\" class=\"wp-image-2032\" srcset=\"https:\/\/www.optics-hub.com\/wp-content\/uploads\/2025\/07\/image-1024x556.png 1024w, https:\/\/www.optics-hub.com\/wp-content\/uploads\/2025\/07\/image-300x163.png 300w, https:\/\/www.optics-hub.com\/wp-content\/uploads\/2025\/07\/image-768x417.png 768w, https:\/\/www.optics-hub.com\/wp-content\/uploads\/2025\/07\/image-1536x833.png 1536w, https:\/\/www.optics-hub.com\/wp-content\/uploads\/2025\/07\/image.png 1773w\" sizes=\"(max-width: 1024px) 100vw, 1024px\" \/><\/figure>\n\n\n\n<h5 class=\"wp-block-heading has-primary-color has-text-color has-link-color wp-elements-b39907fd5602d3368fdabcec97439302\">\u5e94\u7528\u6848\u4f8b\uff1a\uff08\u5141\u8bb8\u63a5\u5165\u591a\u7c7b\u578b\u63a2\u6d4b\u5668\uff09<\/h5>\n\n\n\n<figure class=\"wp-block-image size-large is-resized\"><img loading=\"lazy\" decoding=\"async\" width=\"1024\" height=\"725\" src=\"https:\/\/www.optics-hub.com\/wp-content\/uploads\/2025\/11\/IsoPlane-320\u96f6\u50cf\u5dee\u5149\u8c31\u4eea4-1024x725.png\" alt=\"\" class=\"wp-image-3110\" style=\"width:1486px;height:auto\" srcset=\"https:\/\/www.optics-hub.com\/wp-content\/uploads\/2025\/11\/IsoPlane-320\u96f6\u50cf\u5dee\u5149\u8c31\u4eea4-1024x725.png 1024w, https:\/\/www.optics-hub.com\/wp-content\/uploads\/2025\/11\/IsoPlane-320\u96f6\u50cf\u5dee\u5149\u8c31\u4eea4-300x213.png 300w, https:\/\/www.optics-hub.com\/wp-content\/uploads\/2025\/11\/IsoPlane-320\u96f6\u50cf\u5dee\u5149\u8c31\u4eea4-768x544.png 768w, https:\/\/www.optics-hub.com\/wp-content\/uploads\/2025\/11\/IsoPlane-320\u96f6\u50cf\u5dee\u5149\u8c31\u4eea4.png 1101w\" sizes=\"(max-width: 1024px) 100vw, 1024px\" \/><\/figure>\n\n\n\n<blockquote class=\"wp-block-quote is-layout-flow wp-block-quote-is-layout-flow\">\n<p>1.&nbsp;&nbsp;&nbsp;&nbsp;&nbsp;&nbsp;Measuring Large Scale Interactions Between Surfaces with nm Precision to Better Understand Geological Formations<\/p>\n\n\n\n<p>\u201cThe low aberrations of the IsoPlane system allow us to make very precise measurements of 2D spectral interference patterns. In combination with LightField and Intellical, this system is very efficient to setup for challenging scientific measurements, such as imaging of reactive mineral surfaces in confinement\u201d<\/p>\n\n\n\n<p>Dr. Joanna Dziadkowiec, Dr. Anja R\u00f8yne<\/p>\n\n\n\n<p>University of Oslo<\/p>\n<\/blockquote>\n\n\n\n<blockquote class=\"wp-block-quote is-layout-flow wp-block-quote-is-layout-flow\">\n<p>2.&nbsp;&nbsp;&nbsp;&nbsp;&nbsp;&nbsp;Control of Ultrafast Non-Linear Interactions in Materials and Plasmonic Nanostructures<\/p>\n\n\n\n<p>\u201cWhile most spectrometers would not be able to measure the weak non-linear signal levels we see in our experiment, IsoPlane and PIXIS provide the necessary sensitivity we need.\u201d<\/p>\n\n\n\n<p>Eyal Bahar<\/p>\n\n\n\n<p>University of Tel Aviv<\/p>\n<\/blockquote>\n\n\n\n<blockquote class=\"wp-block-quote is-layout-flow wp-block-quote-is-layout-flow\">\n<p>3.&nbsp;&nbsp;&nbsp;&nbsp;&nbsp;&nbsp;Real-Space and Fourier Imaging and Spectroscopy of NIR Emission from SWCNTs<\/p>\n\n\n\n<p>\u201cIn the NIR, the emission efficiency of materials drops drastically, so it is good to have low thermal noise.\u201d<\/p>\n\n\n\n<p>Prof. Jana Zaumseil<\/p>\n\n\n\n<p>Heidelberg University, Germany<\/p>\n<\/blockquote>\n\n\n\n<blockquote class=\"wp-block-quote is-layout-flow wp-block-quote-is-layout-flow\">\n<p>4.&nbsp;&nbsp;&nbsp;&nbsp;&nbsp;&nbsp;Microspectroscopy for Studying the Surfaces of Individual Nanoparticles<\/p>\n\n\n\n<p>\u201cAs the IsoPlane is aberration corrected, we can have highly reliable intensity values over the whole range of the CCD\u201d<\/p>\n\n\n\n<p>Dr. Andr\u00e1s De\u00e1k<\/p>\n\n\n\n<p>Centre for Energy Research<\/p>\n\n\n\n<p>E\u00f6tv\u00f6s Lor\u00e1nd Research Network<\/p>\n\n\n\n<p>Hungary<\/p>\n\n\n\n<p><\/p>\n<\/blockquote>\n","protected":false},"excerpt":{"rendered":"<p>\u4ea7\u54c1\u7cfb\u5217\uff1a\u5149\u6805\u5149\u8c31\u4eea \u4ea7\u54c1\u578b\u53f7\uff1aIsoPlane-320\u96f6\u50cf\u5dee\u5149\u8c31\u4eea \u4ea7\u54c1\u54c1\u724c\uff1aIsoPlane &nbsp; [&hellip;]<\/p>\n","protected":false},"author":1,"featured_media":0,"parent":0,"menu_order":0,"comment_status":"closed","ping_status":"closed","template":"","meta":{"footnotes":""},"class_list":["post-416","page","type-page","status-publish","hentry"],"jetpack_sharing_enabled":true,"_links":{"self":[{"href":"https:\/\/www.optics-hub.com\/index.php\/wp-json\/wp\/v2\/pages\/416","targetHints":{"allow":["GET"]}}],"collection":[{"href":"https:\/\/www.optics-hub.com\/index.php\/wp-json\/wp\/v2\/pages"}],"about":[{"href":"https:\/\/www.optics-hub.com\/index.php\/wp-json\/wp\/v2\/types\/page"}],"author":[{"embeddable":true,"href":"https:\/\/www.optics-hub.com\/index.php\/wp-json\/wp\/v2\/users\/1"}],"replies":[{"embeddable":true,"href":"https:\/\/www.optics-hub.com\/index.php\/wp-json\/wp\/v2\/comments?post=416"}],"version-history":[{"count":7,"href":"https:\/\/www.optics-hub.com\/index.php\/wp-json\/wp\/v2\/pages\/416\/revisions"}],"predecessor-version":[{"id":3111,"href":"https:\/\/www.optics-hub.com\/index.php\/wp-json\/wp\/v2\/pages\/416\/revisions\/3111"}],"wp:attachment":[{"href":"https:\/\/www.optics-hub.com\/index.php\/wp-json\/wp\/v2\/media?parent=416"}],"curies":[{"name":"wp","href":"https:\/\/api.w.org\/{rel}","templated":true}]}}